{"id":197,"date":"2022-07-14T17:31:23","date_gmt":"2022-07-14T17:31:23","guid":{"rendered":"http:\/\/localhost:8080\/nuevapagina\/?page_id=197"},"modified":"2022-07-14T17:31:23","modified_gmt":"2022-07-14T17:31:23","slug":"administrador-web","status":"publish","type":"page","link":"https:\/\/megasur.com.mx\/index.php\/administrador-web\/","title":{"rendered":"Administrador Web"},"content":{"rendered":"\t\t<div data-elementor-type=\"wp-page\" data-elementor-id=\"197\" class=\"elementor elementor-197\">\n\t\t\t\t\t\t<section class=\"elementor-section elementor-top-section elementor-element elementor-element-737d298 elementor-section-boxed elementor-section-height-default elementor-section-height-default\" data-id=\"737d298\" data-element_type=\"section\">\n\t\t\t\t\t\t<div class=\"elementor-container elementor-column-gap-default\">\n\t\t\t\t\t<div class=\"elementor-column elementor-col-100 elementor-top-column elementor-element elementor-element-8fad0a1\" data-id=\"8fad0a1\" data-element_type=\"column\">\n\t\t\t<div class=\"elementor-widget-wrap elementor-element-populated\">\n\t\t\t\t\t\t<div class=\"elementor-element elementor-element-bb82ba8 elementor-widget elementor-widget-text-editor\" data-id=\"bb82ba8\" data-element_type=\"widget\" data-widget_type=\"text-editor.default\">\n\t\t\t\t<div class=\"elementor-widget-container\">\n\t\t\t\t\t\t\t\t\t<p><span style=\"color: #000000;\">Por medio del administrador web usted tendr\u00e1 el control de su cuenta a un clic de distancia. Cuando le entreguemos sus monederos electr\u00f3nicos solicite su cuenta de usuario para la aplicaci\u00f3n web, esta cuenta es personalizada y le permitir\u00e1 configurar sus tarjetas y solicitar reportes las 24 horas del d\u00eda toda la semana.<\/span><\/p><h2><span style=\"color: #000000;\">Por medio del administrador web usted podr\u00e1:<\/span><\/h2><ul><li><span style=\"color: #000000;\">Dar de alta nuevos choferes.<\/span><\/li><li><span style=\"color: #000000;\">Realizar cambios de NIP\u00b4s<\/span><\/li><li><span style=\"color: #000000;\">Cancelar tarjetas.<\/span><\/li><li><span style=\"color: #000000;\">Configurar las condiciones de carga de cada tarjeta.<\/span><\/li><li><span style=\"color: #000000;\">Traspasar saldos entre tarjetas.<\/span><\/li><\/ul><h2><span style=\"color: #000000;\">El administrador web tambi\u00e9n le brinda la posibilidad de obtener informaci\u00f3n en tiempo real acerca de las tarjetas integradas en su cuenta.<\/span><\/h2><ul><li><span style=\"color: #000000;\">Reporte de rendimientos.<\/span><\/li><li><span style=\"color: #000000;\">Copias del estado de cuenta.<\/span><\/li><li><span style=\"color: #000000;\">Reporte detallado de transacciones, filtradas por la estaci\u00f3n, por tarjeta y por fecha.<\/span><\/li><li><span style=\"color: #000000;\">Consulta de los saldos en tarjetas.<\/span><\/li><li><span style=\"color: #000000;\">Consulta de los abonos realizados y los cargos realizados.<\/span><\/li><li><span style=\"color: #000000;\">Entre otros&#8230;<\/span><\/li><\/ul>\t\t\t\t\t\t\t\t<\/div>\n\t\t\t\t<\/div>\n\t\t\t\t\t<\/div>\n\t\t<\/div>\n\t\t\t\t\t<\/div>\n\t\t<\/section>\n\t\t\t\t<\/div>\n\t\t","protected":false},"excerpt":{"rendered":"<p>Por medio del administrador web usted tendr\u00e1 el control de su cuenta a un clic de distancia. Cuando le entreguemos sus monederos electr\u00f3nicos solicite su cuenta de usuario para la aplicaci\u00f3n web, esta cuenta es personalizada y le permitir\u00e1 configurar sus tarjetas y solicitar reportes las 24 horas del d\u00eda toda la semana. Por medio [&hellip;]<\/p>\n","protected":false},"author":1,"featured_media":0,"parent":0,"menu_order":0,"comment_status":"closed","ping_status":"closed","template":"","meta":{"footnotes":""},"class_list":["post-197","page","type-page","status-publish","hentry"],"_links":{"self":[{"href":"https:\/\/megasur.com.mx\/index.php\/wp-json\/wp\/v2\/pages\/197","targetHints":{"allow":["GET"]}}],"collection":[{"href":"https:\/\/megasur.com.mx\/index.php\/wp-json\/wp\/v2\/pages"}],"about":[{"href":"https:\/\/megasur.com.mx\/index.php\/wp-json\/wp\/v2\/types\/page"}],"author":[{"embeddable":true,"href":"https:\/\/megasur.com.mx\/index.php\/wp-json\/wp\/v2\/users\/1"}],"replies":[{"embeddable":true,"href":"https:\/\/megasur.com.mx\/index.php\/wp-json\/wp\/v2\/comments?post=197"}],"version-history":[{"count":0,"href":"https:\/\/megasur.com.mx\/index.php\/wp-json\/wp\/v2\/pages\/197\/revisions"}],"wp:attachment":[{"href":"https:\/\/megasur.com.mx\/index.php\/wp-json\/wp\/v2\/media?parent=197"}],"curies":[{"name":"wp","href":"https:\/\/api.w.org\/{rel}","templated":true}]}}