{"id":185,"date":"2022-07-14T17:20:39","date_gmt":"2022-07-14T17:20:39","guid":{"rendered":"http:\/\/localhost:8080\/nuevapagina\/?page_id=185"},"modified":"2022-07-20T14:32:12","modified_gmt":"2022-07-20T14:32:12","slug":"beneficios","status":"publish","type":"page","link":"https:\/\/megasur.com.mx\/index.php\/beneficios\/","title":{"rendered":"Beneficios"},"content":{"rendered":"\t\t<div data-elementor-type=\"wp-page\" data-elementor-id=\"185\" class=\"elementor elementor-185\">\n\t\t\t\t\t\t<section class=\"elementor-section elementor-top-section elementor-element elementor-element-60104c8 elementor-section-boxed elementor-section-height-default elementor-section-height-default\" data-id=\"60104c8\" data-element_type=\"section\">\n\t\t\t\t\t\t<div class=\"elementor-container elementor-column-gap-default\">\n\t\t\t\t\t<div class=\"elementor-column elementor-col-100 elementor-top-column elementor-element elementor-element-16cb309\" data-id=\"16cb309\" data-element_type=\"column\">\n\t\t\t<div class=\"elementor-widget-wrap elementor-element-populated\">\n\t\t\t\t\t\t<div class=\"elementor-element elementor-element-e0e8f52 elementor-widget elementor-widget-text-editor\" data-id=\"e0e8f52\" data-element_type=\"widget\" data-widget_type=\"text-editor.default\">\n\t\t\t\t<div class=\"elementor-widget-container\">\n\t\t\t\t\t\t\t\t\t<p><span style=\"color: #000000;\">Estos son algunos de los beneficios que el monedero Megasur le brinda, as\u00ed que no dude en solicitarlo<\/span><br \/><span style=\"color: #000000;\">lo mas pronto posible en nuestra oficina Matriz, actualmente contamos con 28 estaciones de servicio ubicadas en M\u00e9rida y el interior del estado.<\/span><\/p><h1><span style=\"color: #000000;\">\u00a0SEGURIDAD:<\/span><\/h1><p><span style=\"color: #000000;\">Tarjetas protegidas con NIP confidencial, por lo que en caso de robo o extrav\u00edo, su dinero esta seguro gracias a esta firma electr\u00f3nica necesaria para tener acceso a los recursos depositados en el monedero.<\/span><\/p><h1><span style=\"color: #000000;\">Control:<\/span><\/h1><p><span style=\"color: #000000;\">Condiciones de carga de combustible, la mejor forma de controlar el gasto de la flotilla vehicular de su empresa. Incluimos las configuraciones de control de dias y horas, montos m\u00e1ximos en pesos y litros, tipos de combustible y choferes autorizados. Esto, realmente imposible de hacer con los vales de papel.<\/span><\/p><h1><span style=\"color: #000000;\">AHORRO:<\/span><\/h1><p><span style=\"color: #000000;\">Evite el uso de dinero entre los choferes de su empresa, o los vales de papel que son f\u00e1ciles de negociar por dinero en efectivo, el monedero Megasur le garantiza que los recursos destinados a combustible van a llegar al fondo del tanque de cada veh\u00edculo de su empresa.<\/span><\/p><h1><span style=\"color: #000000;\">INFORMACI\u00d3N:<\/span><\/h1><p><span style=\"color: #000000;\">Reportes en tiempo real por medio de la aplicaci\u00f3n web que ponemos a su disposici\u00f3n, conozca a detalle y en cada momento como se est\u00e1n usando los recursos de combustible en su empresa, todo esto desde la comodidad de su oficina o casa.<\/span><\/p><h3><a title=\"Monedero Electr\u00f3nico\" href=\"http:\/\/megasur.com.mx\/index.php\/solicitud-monedero\/\">Solicite su Monedero aqui<\/a><\/h3>\t\t\t\t\t\t\t\t<\/div>\n\t\t\t\t<\/div>\n\t\t\t\t\t<\/div>\n\t\t<\/div>\n\t\t\t\t\t<\/div>\n\t\t<\/section>\n\t\t\t\t<\/div>\n\t\t","protected":false},"excerpt":{"rendered":"<p>Estos son algunos de los beneficios que el monedero Megasur le brinda, as\u00ed que no dude en solicitarlolo mas pronto posible en nuestra oficina Matriz, actualmente contamos con 28 estaciones de servicio ubicadas en M\u00e9rida y el interior del estado. \u00a0SEGURIDAD: Tarjetas protegidas con NIP confidencial, por lo que en caso de robo o extrav\u00edo, [&hellip;]<\/p>\n","protected":false},"author":1,"featured_media":0,"parent":0,"menu_order":0,"comment_status":"closed","ping_status":"closed","template":"","meta":{"footnotes":""},"class_list":["post-185","page","type-page","status-publish","hentry"],"_links":{"self":[{"href":"https:\/\/megasur.com.mx\/index.php\/wp-json\/wp\/v2\/pages\/185","targetHints":{"allow":["GET"]}}],"collection":[{"href":"https:\/\/megasur.com.mx\/index.php\/wp-json\/wp\/v2\/pages"}],"about":[{"href":"https:\/\/megasur.com.mx\/index.php\/wp-json\/wp\/v2\/types\/page"}],"author":[{"embeddable":true,"href":"https:\/\/megasur.com.mx\/index.php\/wp-json\/wp\/v2\/users\/1"}],"replies":[{"embeddable":true,"href":"https:\/\/megasur.com.mx\/index.php\/wp-json\/wp\/v2\/comments?post=185"}],"version-history":[{"count":6,"href":"https:\/\/megasur.com.mx\/index.php\/wp-json\/wp\/v2\/pages\/185\/revisions"}],"predecessor-version":[{"id":308,"href":"https:\/\/megasur.com.mx\/index.php\/wp-json\/wp\/v2\/pages\/185\/revisions\/308"}],"wp:attachment":[{"href":"https:\/\/megasur.com.mx\/index.php\/wp-json\/wp\/v2\/media?parent=185"}],"curies":[{"name":"wp","href":"https:\/\/api.w.org\/{rel}","templated":true}]}}