{"id":149,"date":"2022-07-14T16:24:03","date_gmt":"2022-07-14T16:24:03","guid":{"rendered":"http:\/\/localhost:8080\/nuevapagina\/?page_id=149"},"modified":"2022-07-20T14:03:03","modified_gmt":"2022-07-20T14:03:03","slug":"nosotros","status":"publish","type":"page","link":"https:\/\/megasur.com.mx\/index.php\/nosotros\/","title":{"rendered":"Nosotros"},"content":{"rendered":"\t\t<div data-elementor-type=\"wp-page\" data-elementor-id=\"149\" class=\"elementor elementor-149\">\n\t\t\t\t\t\t<section class=\"elementor-section elementor-top-section elementor-element elementor-element-a7aeb42 elementor-section-boxed elementor-section-height-default elementor-section-height-default\" data-id=\"a7aeb42\" data-element_type=\"section\">\n\t\t\t\t\t\t<div class=\"elementor-container elementor-column-gap-default\">\n\t\t\t\t\t<div class=\"elementor-column elementor-col-100 elementor-top-column elementor-element elementor-element-5180ca0\" data-id=\"5180ca0\" data-element_type=\"column\">\n\t\t\t<div class=\"elementor-widget-wrap elementor-element-populated\">\n\t\t\t\t\t\t<div class=\"elementor-element elementor-element-971274c elementor-widget elementor-widget-text-editor\" data-id=\"971274c\" data-element_type=\"widget\" data-widget_type=\"text-editor.default\">\n\t\t\t\t<div class=\"elementor-widget-container\">\n\t\t\t\t\t\t\t\t\t<h1><span style=\"color: #000000;\">Bienvenidos a Megasur<\/span><\/h1><p><span style=\"color: #000000;\"><!--<img fetchpriority=\"high\" decoding=\"async\" class=\"aligncenter wp-image-2511\" src=\"http:\/\/megasur.com.mx\/wp-content\/uploads\/2015\/02\/nosotros.jpg\" alt=\"rtequis\" width=\"673\" height=\"338\" \/>--><\/span><\/p><p><span style=\"color: #000000;\">Grupo Megasur se especializa en brindar un servicio basado en la calidad, rapidez y seriedad de una empresa lider en el sector gasolinero.<\/span><\/p><h2><span style=\"color: #000000;\">Misi\u00f3n<\/span><\/h2><p><span style=\"color: #000000;\">Satisfacer integralmente la necesidad de combustible de nuestros clientes, a trav\u00e9s de la excelencia en nuestros procesos, productos y servicios, brindando oportunidades de mejora y desarrollo a todos los que conformamos la organizaci\u00f3n.<\/span><br \/><span style=\"color: #000000;\"><!--<img decoding=\"async\" class=\"aligncenter size-full wp-image-2504\" src=\"http:\/\/megasur.com.mx\/wp-content\/uploads\/2015\/02\/diselin2.jpg\" alt=\"imaa\" width=\"630\" height=\"354\" \/>--><\/span><\/p><h2><span style=\"color: #000000;\">Visi\u00f3n<\/span><\/h2><p><span style=\"color: #000000;\">Ser el grupo gasolinero lider, reconocido por brindar los m\u00e1s altos niveles de satisfacci\u00f3n a los clientes, en constante crecimiento y s\u00f3lido desarrollo.<\/span><br \/><span style=\"color: #000000;\"><!--<img decoding=\"async\" class=\"aligncenter size-full wp-image-2504\" src=\"http:\/\/megasur.com.mx\/wp-content\/uploads\/2015\/02\/diselin4.jpg\" alt=\"imaa\" width=\"630\" height=\"354\" \/>--><\/span><\/p><h2><span style=\"color: #000000;\">Pol\u00edtica De Calidad<\/span><\/h2><p><span style=\"color: #000000;\">Nos comprometemos a brindar a nuestros clientes un servicio de calidad, a trav\u00e9s de la mejora continua de nuestros procesos, de personal altamente calificado y del cumplimiento de la normatividad aplicable vigente, apoy\u00e1ndonos en nuestro Sistema de Gesti\u00f3n de la Calidad basado en la norma ISO 9001:2015<\/span><\/p><h2><span style=\"color: #000000;\">Valores<\/span><\/h2>\t\t\t\t\t\t\t\t<\/div>\n\t\t\t\t<\/div>\n\t\t\t\t<div class=\"elementor-element elementor-element-ebdef1a elementor-widget elementor-widget-image\" data-id=\"ebdef1a\" data-element_type=\"widget\" data-widget_type=\"image.default\">\n\t\t\t\t<div class=\"elementor-widget-container\">\n\t\t\t\t\t\t\t\t\t\t\t\t\t\t\t<img decoding=\"async\" src=\"http:\/\/localhost:8080\/nuevapagina\/wp-content\/uploads\/2022\/07\/valores-1-scaled.jpg\" title=\"\" alt=\"\" loading=\"lazy\" \/>\t\t\t\t\t\t\t\t\t\t\t\t\t\t\t<\/div>\n\t\t\t\t<\/div>\n\t\t\t\t\t<\/div>\n\t\t<\/div>\n\t\t\t\t\t<\/div>\n\t\t<\/section>\n\t\t\t\t<section class=\"elementor-section elementor-top-section elementor-element elementor-element-f0fe4e3 elementor-section-boxed elementor-section-height-default elementor-section-height-default\" data-id=\"f0fe4e3\" data-element_type=\"section\">\n\t\t\t\t\t\t<div class=\"elementor-container elementor-column-gap-default\">\n\t\t\t\t\t<div class=\"elementor-column elementor-col-100 elementor-top-column elementor-element elementor-element-9647638\" data-id=\"9647638\" data-element_type=\"column\">\n\t\t\t<div class=\"elementor-widget-wrap elementor-element-populated\">\n\t\t\t\t\t\t<div class=\"elementor-element elementor-element-d85c6db elementor-widget elementor-widget-image\" data-id=\"d85c6db\" data-element_type=\"widget\" data-widget_type=\"image.default\">\n\t\t\t\t<div class=\"elementor-widget-container\">\n\t\t\t\t\t\t\t\t\t\t\t\t\t\t\t<img loading=\"lazy\" decoding=\"async\" width=\"800\" height=\"779\" src=\"https:\/\/megasur.com.mx\/wp-content\/uploads\/2022\/07\/valores-1-1024x997.jpg\" class=\"attachment-large size-large wp-image-261\" alt=\"\" srcset=\"https:\/\/megasur.com.mx\/wp-content\/uploads\/2022\/07\/valores-1-1024x997.jpg 1024w, https:\/\/megasur.com.mx\/wp-content\/uploads\/2022\/07\/valores-1-300x292.jpg 300w, https:\/\/megasur.com.mx\/wp-content\/uploads\/2022\/07\/valores-1-768x747.jpg 768w, https:\/\/megasur.com.mx\/wp-content\/uploads\/2022\/07\/valores-1-1536x1495.jpg 1536w, https:\/\/megasur.com.mx\/wp-content\/uploads\/2022\/07\/valores-1-2048x1993.jpg 2048w\" sizes=\"(max-width: 800px) 100vw, 800px\" \/>\t\t\t\t\t\t\t\t\t\t\t\t\t\t\t<\/div>\n\t\t\t\t<\/div>\n\t\t\t\t\t<\/div>\n\t\t<\/div>\n\t\t\t\t\t<\/div>\n\t\t<\/section>\n\t\t\t\t<\/div>\n\t\t","protected":false},"excerpt":{"rendered":"<p>Bienvenidos a Megasur Grupo Megasur se especializa en brindar un servicio basado en la calidad, rapidez y seriedad de una empresa lider en el sector gasolinero. Misi\u00f3n Satisfacer integralmente la necesidad de combustible de nuestros clientes, a trav\u00e9s de la excelencia en nuestros procesos, productos y servicios, brindando oportunidades de mejora y desarrollo a todos [&hellip;]<\/p>\n","protected":false},"author":1,"featured_media":0,"parent":0,"menu_order":0,"comment_status":"closed","ping_status":"closed","template":"","meta":{"footnotes":""},"class_list":["post-149","page","type-page","status-publish","hentry"],"_links":{"self":[{"href":"https:\/\/megasur.com.mx\/index.php\/wp-json\/wp\/v2\/pages\/149","targetHints":{"allow":["GET"]}}],"collection":[{"href":"https:\/\/megasur.com.mx\/index.php\/wp-json\/wp\/v2\/pages"}],"about":[{"href":"https:\/\/megasur.com.mx\/index.php\/wp-json\/wp\/v2\/types\/page"}],"author":[{"embeddable":true,"href":"https:\/\/megasur.com.mx\/index.php\/wp-json\/wp\/v2\/users\/1"}],"replies":[{"embeddable":true,"href":"https:\/\/megasur.com.mx\/index.php\/wp-json\/wp\/v2\/comments?post=149"}],"version-history":[{"count":3,"href":"https:\/\/megasur.com.mx\/index.php\/wp-json\/wp\/v2\/pages\/149\/revisions"}],"predecessor-version":[{"id":296,"href":"https:\/\/megasur.com.mx\/index.php\/wp-json\/wp\/v2\/pages\/149\/revisions\/296"}],"wp:attachment":[{"href":"https:\/\/megasur.com.mx\/index.php\/wp-json\/wp\/v2\/media?parent=149"}],"curies":[{"name":"wp","href":"https:\/\/api.w.org\/{rel}","templated":true}]}}